{"id":12,"date":"2023-10-12T13:24:17","date_gmt":"2023-10-12T13:24:17","guid":{"rendered":"https:\/\/zimmersmuehlenlauf.de\/?page_id=12"},"modified":"2025-11-12T13:11:56","modified_gmt":"2025-11-12T13:11:56","slug":"home","status":"publish","type":"page","link":"https:\/\/zimmersmuehlenlauf.de\/","title":{"rendered":"Home"},"content":{"rendered":"<p>[et_pb_section fb_built=&#8220;1&#8243; fullwidth=&#8220;on&#8220; _builder_version=&#8220;4.22.2&#8243; _module_preset=&#8220;default&#8220; global_colors_info=&#8220;{}&#8220;][et_pb_fullwidth_slider _builder_version=&#8220;4.27.4&#8243; _module_preset=&#8220;default&#8220; background_enable_image=&#8220;off&#8220; width=&#8220;82%&#8220; module_alignment=&#8220;center&#8220; min_height=&#8220;511px&#8220; custom_padding=&#8220;||77px|||&#8220; auto=&#8220;on&#8220; auto_speed=&#8220;2000&#8243; global_colors_info=&#8220;{}&#8220;][et_pb_slide _builder_version=&#8220;4.22.2&#8243; _module_preset=&#8220;default&#8220; background_image=&#8220;https:\/\/zimmersmuehlenlauf.de\/wp-content\/uploads\/2023\/10\/20230831_175654-scaled.jpg&#8220; background_enable_image=&#8220;on&#8220; global_colors_info=&#8220;{}&#8220; sticky_transition=&#8220;on&#8220;][\/et_pb_slide][et_pb_slide _builder_version=&#8220;4.22.2&#8243; _module_preset=&#8220;default&#8220; background_image=&#8220;https:\/\/zimmersmuehlenlauf.de\/wp-content\/uploads\/2023\/10\/20230831_191512-scaled.jpg&#8220; background_enable_image=&#8220;on&#8220; global_colors_info=&#8220;{}&#8220; sticky_transition=&#8220;on&#8220;][\/et_pb_slide][et_pb_slide _builder_version=&#8220;4.22.2&#8243; _module_preset=&#8220;default&#8220; background_image=&#8220;https:\/\/zimmersmuehlenlauf.de\/wp-content\/uploads\/2023\/10\/20230831_170813-scaled.jpg&#8220; background_enable_image=&#8220;on&#8220; global_colors_info=&#8220;{}&#8220; sticky_transition=&#8220;on&#8220;][\/et_pb_slide][et_pb_slide _builder_version=&#8220;4.22.2&#8243; _module_preset=&#8220;default&#8220; background_image=&#8220;https:\/\/zimmersmuehlenlauf.de\/wp-content\/uploads\/2023\/10\/20230831_175654-scaled.jpg&#8220; background_enable_image=&#8220;on&#8220; global_colors_info=&#8220;{}&#8220; sticky_transition=&#8220;on&#8220;][\/et_pb_slide][\/et_pb_fullwidth_slider][\/et_pb_section][et_pb_section fb_built=&#8220;1&#8243; admin_label=&#8220;About&#8220; _builder_version=&#8220;4.16&#8243; global_colors_info=&#8220;{}&#8220;][et_pb_row padding_top_bottom_link_2=&#8220;false&#8220; _builder_version=&#8220;4.22.2&#8243; module_alignment=&#8220;center&#8220; global_colors_info=&#8220;{}&#8220;][et_pb_column type=&#8220;4_4&#8243; _builder_version=&#8220;4.22.2&#8243; background_enable_image=&#8220;off&#8220; background_size=&#8220;initial&#8220; background_position=&#8220;top_left&#8220; custom_padding=&#8220;10%|||40px&#8220; custom_padding_tablet=&#8220;|||&#8220; custom_padding_last_edited=&#8220;off|desktop&#8220; global_colors_info=&#8220;{}&#8220; padding_tablet=&#8220;|||&#8220; padding_last_edited=&#8220;off|desktop&#8220; custom_padding__hover=&#8220;|||&#8220;][et_pb_text _builder_version=&#8220;4.24.0&#8243; text_font=&#8220;||||||||&#8220; text_font_size=&#8220;16px&#8220; text_line_height=&#8220;2em&#8220; header_font=&#8220;||||||||&#8220; header_2_font=&#8220;|600|||||||&#8220; header_2_font_size=&#8220;60px&#8220; header_2_line_height=&#8220;1.2em&#8220; text_orientation=&#8220;center&#8220; max_width=&#8220;800px&#8220; module_alignment=&#8220;center&#8220; custom_margin=&#8220;-70px||||false|false&#8220; header_2_font_size_tablet=&#8220;50px&#8220; header_2_font_size_phone=&#8220;32px&#8220; header_2_font_size_last_edited=&#8220;on|desktop&#8220; text_orientation_tablet=&#8220;left&#8220; text_orientation_phone=&#8220;left&#8220; text_orientation_last_edited=&#8220;on|phone&#8220; locked=&#8220;off&#8220; global_colors_info=&#8220;{}&#8220;]<\/p>\n<h2>\u00dcber uns<\/h2>\n<p><span>Im Jahr 2006 veranstalteten die Oberurseler Werkst\u00e4tten den ersten integrativen <\/span><span>Zimmersm\u00fchlenlauf. Der Gedanke war es Menschen mit und ohne Behinderung zusammen zu <\/span><span>bringen, Begegnungen zu f\u00f6rdern und so wurde diese sportliche Veranstaltung aus der Taufe <\/span><span>gehoben. Schnell war die Laufstrecke auserkoren und man entschied sich zu drei verschiedenen <\/span><span>Entfernungen: Integrationslauf (1,5 km), Walking (3 km) und Hauptlauf (6 km).<\/span><\/p>\n<p>[\/et_pb_text][et_pb_button button_url=&#8220;@ET-DC@eyJkeW5hbWljIjp0cnVlLCJjb250ZW50IjoicG9zdF9saW5rX3VybF9wYWdlIiwic2V0dGluZ3MiOnsicG9zdF9pZCI6IjM5NiJ9fQ==@&#8220; button_text=&#8220;Mehr erfahren&#8220; button_alignment=&#8220;center&#8220; button_alignment_tablet=&#8220;left&#8220; button_alignment_phone=&#8220;left&#8220; button_alignment_last_edited=&#8220;on|phone&#8220; _builder_version=&#8220;4.24.0&#8243; _dynamic_attributes=&#8220;button_url&#8220; custom_button=&#8220;on&#8220; button_text_size=&#8220;16px&#8220; button_text_color=&#8220;#ffffff&#8220; button_bg_color=&#8220;#417487&#8243; button_border_width=&#8220;10px&#8220; button_border_color=&#8220;#417487&#8243; button_border_radius=&#8220;4px&#8220; button_letter_spacing=&#8220;3px&#8220; button_font=&#8220;|700||on|||||&#8220; button_text_size_tablet=&#8220;16px&#8220; button_text_size_phone=&#8220;13px&#8220; button_text_size_last_edited=&#8220;on|phone&#8220; box_shadow_style=&#8220;preset3&#8243; box_shadow_vertical=&#8220;20px&#8220; box_shadow_blur=&#8220;40px&#8220; box_shadow_spread=&#8220;-7px&#8220; box_shadow_color=&#8220;#417487&#8243; button_border_radius_hover=&#8220;4px&#8220; button_letter_spacing_hover=&#8220;3px&#8220; locked=&#8220;off&#8220; global_colors_info=&#8220;{}&#8220; button_text_size__hover_enabled=&#8220;off&#8220; button_one_text_size__hover_enabled=&#8220;off&#8220; button_two_text_size__hover_enabled=&#8220;off&#8220; button_text_color__hover_enabled=&#8220;off&#8220; button_one_text_color__hover_enabled=&#8220;off&#8220; button_two_text_color__hover_enabled=&#8220;off&#8220; button_border_width__hover_enabled=&#8220;off&#8220; button_one_border_width__hover_enabled=&#8220;off&#8220; button_two_border_width__hover_enabled=&#8220;off&#8220; button_border_color__hover_enabled=&#8220;on|hover&#8220; button_one_border_color__hover_enabled=&#8220;off&#8220; button_two_border_color__hover_enabled=&#8220;off&#8220; button_border_radius__hover_enabled=&#8220;on&#8220; button_border_radius__hover=&#8220;4px&#8220; button_one_border_radius__hover_enabled=&#8220;off&#8220; button_two_border_radius__hover_enabled=&#8220;off&#8220; button_letter_spacing__hover_enabled=&#8220;on&#8220; button_letter_spacing__hover=&#8220;3px&#8220; button_one_letter_spacing__hover_enabled=&#8220;off&#8220; button_two_letter_spacing__hover_enabled=&#8220;off&#8220; button_bg_color__hover_enabled=&#8220;on|hover&#8220; button_one_bg_color__hover_enabled=&#8220;off&#8220; button_two_bg_color__hover_enabled=&#8220;off&#8220; button_border_color__hover=&#8220;#fbb900&#8243; button_bg_color__hover=&#8220;#fbb900&#8243; button_bg_enable_color__hover=&#8220;on&#8220; box_shadow_color__hover_enabled=&#8220;on|hover&#8220; box_shadow_color__hover=&#8220;rgba(251,185,0,0.45)&#8220;][\/et_pb_button][\/et_pb_column][\/et_pb_row][\/et_pb_section][et_pb_section fb_built=&#8220;1&#8243; module_id=&#8220;sponsoren&#8220; _builder_version=&#8220;4.23.1&#8243; _module_preset=&#8220;default&#8220; background_color=&#8220;#417487&#8243; custom_margin=&#8220;||||false|false&#8220; custom_padding=&#8220;||||false|false&#8220; global_colors_info=&#8220;{}&#8220;][et_pb_row _builder_version=&#8220;4.22.2&#8243; _module_preset=&#8220;default&#8220; global_colors_info=&#8220;{}&#8220;][et_pb_column type=&#8220;4_4&#8243; _builder_version=&#8220;4.22.2&#8243; _module_preset=&#8220;default&#8220; global_colors_info=&#8220;{}&#8220;][et_pb_text admin_label=&#8220;Title&#8220; _builder_version=&#8220;4.24.0&#8243; text_font=&#8220;||||&#8220; text_text_color=&#8220;#3e3f56&#8243; header_font=&#8220;||||||||&#8220; header_text_align=&#8220;center&#8220; header_text_color=&#8220;#FFFFFF&#8220; header_font_size=&#8220;60px&#8220; header_line_height=&#8220;1.3em&#8220; background_size=&#8220;initial&#8220; background_position=&#8220;top_left&#8220; background_repeat=&#8220;repeat&#8220; text_orientation=&#8220;center&#8220; module_alignment=&#8220;center&#8220; header_font_size_tablet=&#8220;&#8220; header_font_size_phone=&#8220;44px&#8220; header_font_size_last_edited=&#8220;on|phone&#8220; global_colors_info=&#8220;{}&#8220;]<\/p>\n<h1>Sponsoren<\/h1>\n<p>[\/et_pb_text][\/et_pb_column][\/et_pb_row][et_pb_row _builder_version=&#8220;4.22.2&#8243; _module_preset=&#8220;default&#8220; width=&#8220;100%&#8220; max_width=&#8220;1366px&#8220; module_alignment=&#8220;center&#8220; global_colors_info=&#8220;{}&#8220;][et_pb_column type=&#8220;4_4&#8243; _builder_version=&#8220;4.22.2&#8243; _module_preset=&#8220;default&#8220; global_colors_info=&#8220;{}&#8220;][ba_logo_carousel animation_speed=&#8220;2200ms&#8220; autoplay_speed=&#8220;1500ms&#8220; use_pagi=&#8220;on&#8220; slide_count=&#8220;4&#8243; pagi_bg=&#8220;#FFFFFF&#8220; pagi_width=&#8220;16px&#8220; pagi_radius=&#8220;on|5px|5px|5px|5px&#8220; pagi_pos_y=&#8220;-20px&#8220; pagi_spacing=&#8220;4px&#8220; logo_hover=&#8220;black_n_white&#8220; _builder_version=&#8220;4.25.1&#8243; _module_preset=&#8220;default&#8220; custom_margin=&#8220;||||false|false&#8220; hover_enabled=&#8220;0&#8243; global_colors_info=&#8220;{}&#8220; pagi_bg__hover_enabled=&#8220;on|hover&#8220; pagi_bg__hover=&#8220;#fbb900&#8243; sticky_enabled=&#8220;0&#8243;][ba_logo_carousel_child logo=&#8220;https:\/\/zimmersmuehlenlauf.de\/wp-content\/uploads\/2023\/10\/stadt-oberursel-1.jpg&#8220; _builder_version=&#8220;4.25.1&#8243; _module_preset=&#8220;default&#8220; border_radii_item=&#8220;on|20px|20px|20px|20px&#8220; global_colors_info=&#8220;{}&#8220;][\/ba_logo_carousel_child][ba_logo_carousel_child logo=&#8220;https:\/\/zimmersmuehlenlauf.de\/wp-content\/uploads\/2024\/06\/qdt.png&#8220; brand_name=&#8220;QDT GmbH &#038; Cok .KG&#8220; is_link=&#8220;on&#8220; link_url=&#8220;https:\/\/qdt.computer&#8220; _builder_version=&#8220;4.25.1&#8243; _module_preset=&#8220;default&#8220; global_colors_info=&#8220;{}&#8220;][\/ba_logo_carousel_child][ba_logo_carousel_child logo=&#8220;https:\/\/zimmersmuehlenlauf.de\/wp-content\/uploads\/2023\/10\/amicus-personal-1.jpg&#8220; _builder_version=&#8220;4.27.4&#8243; _module_preset=&#8220;default&#8220; border_radii_item=&#8220;on|20px|20px|20px|20px&#8220; global_colors_info=&#8220;{}&#8220;][\/ba_logo_carousel_child][ba_logo_carousel_child logo=&#8220;https:\/\/zimmersmuehlenlauf.de\/wp-content\/uploads\/2024\/07\/karosseriebau.png&#8220; _builder_version=&#8220;4.27.4&#8243; _module_preset=&#8220;default&#8220; border_radii_item=&#8220;on|20px|20px|20px|20px&#8220; global_colors_info=&#8220;{}&#8220;][\/ba_logo_carousel_child][ba_logo_carousel_child logo=&#8220;https:\/\/zimmersmuehlenlauf.de\/wp-content\/uploads\/2023\/10\/taunus-zeitung.jpg&#8220; _builder_version=&#8220;4.27.4&#8243; _module_preset=&#8220;default&#8220; border_radii_item=&#8220;on|20px|20px|20px|20px&#8220; global_colors_info=&#8220;{}&#8220;][\/ba_logo_carousel_child][ba_logo_carousel_child logo=&#8220;https:\/\/zimmersmuehlenlauf.de\/wp-content\/uploads\/2023\/10\/bau-service-oberursel.jpg&#8220; _builder_version=&#8220;4.25.1&#8243; _module_preset=&#8220;default&#8220; border_radii_item=&#8220;on|20px|20px|20px|20px&#8220; global_colors_info=&#8220;{}&#8220;][\/ba_logo_carousel_child][ba_logo_carousel_child logo=&#8220;https:\/\/zimmersmuehlenlauf.de\/wp-content\/uploads\/2023\/10\/suewag.jpg&#8220; brand_name=&#8220;S\u00fcwag&#8220; is_link=&#8220;on&#8220; link_url=&#8220;https:\/\/www.suewag.de\/privatkunden&#8220; _builder_version=&#8220;4.25.1&#8243; _module_preset=&#8220;default&#8220; hover_enabled=&#8220;0&#8243; border_radii_item=&#8220;on|20px|20px|20px|20px&#8220; global_colors_info=&#8220;{}&#8220; sticky_enabled=&#8220;0&#8243;][\/ba_logo_carousel_child][ba_logo_carousel_child logo=&#8220;https:\/\/zimmersmuehlenlauf.de\/wp-content\/uploads\/2025\/07\/ZES.png&#8220; _builder_version=&#8220;4.27.4&#8243; _module_preset=&#8220;default&#8220; border_radii_item=&#8220;on|20px|20px|20px|20px&#8220; global_colors_info=&#8220;{}&#8220;][\/ba_logo_carousel_child][ba_logo_carousel_child logo=&#8220;https:\/\/zimmersmuehlenlauf.de\/wp-content\/uploads\/2023\/10\/taunus-sparkasse.jpg&#8220; _builder_version=&#8220;4.27.4&#8243; _module_preset=&#8220;default&#8220; border_radii_item=&#8220;on|20px|20px|20px|20px&#8220; global_colors_info=&#8220;{}&#8220;][\/ba_logo_carousel_child][ba_logo_carousel_child logo=&#8220;https:\/\/zimmersmuehlenlauf.de\/wp-content\/uploads\/2024\/06\/zimmerrohde.png&#8220; brand_name=&#8220;Zimmer + ROHDE&#8220; is_link=&#8220;on&#8220; link_url=&#8220;https:\/\/www.zimmer-rohde.com\/de\/&#8220; _builder_version=&#8220;4.25.1&#8243; _module_preset=&#8220;default&#8220; border_radii_item=&#8220;on|20px|20px|20px|20px&#8220; global_colors_info=&#8220;{}&#8220;][\/ba_logo_carousel_child][ba_logo_carousel_child logo=&#8220;https:\/\/zimmersmuehlenlauf.de\/wp-content\/uploads\/2024\/06\/barth-1.png&#8220; brand_name=&#8220;Barth Galvanik&#8220; is_link=&#8220;on&#8220; link_url=&#8220;https:\/\/barth-galvanik.de\/&#8220; _builder_version=&#8220;4.25.1&#8243; _module_preset=&#8220;default&#8220; global_colors_info=&#8220;{}&#8220;][\/ba_logo_carousel_child][ba_logo_carousel_child logo=&#8220;https:\/\/zimmersmuehlenlauf.de\/wp-content\/uploads\/2025\/04\/MRLogo.png&#8220; brand_name=&#8220;MR&#8220; is_link=&#8220;on&#8220; link_url=&#8220;https:\/\/www.reinhausen.com\/de\/&#8220; _builder_version=&#8220;4.25.1&#8243; _module_preset=&#8220;default&#8220; global_colors_info=&#8220;{}&#8220;][\/ba_logo_carousel_child][ba_logo_carousel_child logo=&#8220;https:\/\/zimmersmuehlenlauf.de\/wp-content\/uploads\/2025\/04\/zurich.png&#8220; brand_name=&#8220;zurich&#8220; is_link=&#8220;on&#8220; link_url=&#8220;https:\/\/www.zurich.de\/de-de&#8220; _builder_version=&#8220;4.25.1&#8243; _module_preset=&#8220;default&#8220; global_colors_info=&#8220;{}&#8220;][\/ba_logo_carousel_child][ba_logo_carousel_child logo=&#8220;https:\/\/zimmersmuehlenlauf.de\/wp-content\/uploads\/2025\/06\/SchneiderLogo.png&#8220; brand_name=&#8220;Brinkmann&#8220; is_link=&#8220;on&#8220; link_url=&#8220;https:\/\/www.brinkmann-pflegevermittlung.de\/startseite\/&#8220; _builder_version=&#8220;4.27.4&#8243; _module_preset=&#8220;default&#8220; global_colors_info=&#8220;{}&#8220;][\/ba_logo_carousel_child][ba_logo_carousel_child logo=&#8220;https:\/\/zimmersmuehlenlauf.de\/wp-content\/uploads\/2025\/07\/kuse_verlag_logo.png&#8220; brand_name=&#8220;Kuse Verlag&#8220; is_link=&#8220;on&#8220; link_url=&#8220;https:\/\/www.kuse-verlag.de\/&#8220; _builder_version=&#8220;4.27.4&#8243; _module_preset=&#8220;default&#8220; global_colors_info=&#8220;{}&#8220;][\/ba_logo_carousel_child][\/ba_logo_carousel][\/et_pb_column][\/et_pb_row][\/et_pb_section][et_pb_section fb_built=&#8220;1&#8243; admin_label=&#8220;Testimonial&#8220; _builder_version=&#8220;4.23.1&#8243; custom_padding=&#8220;||||false|false&#8220; global_colors_info=&#8220;{}&#8220;][\/et_pb_section][et_pb_section fb_built=&#8220;1&#8243; admin_label=&#8220;About&#8220; _builder_version=&#8220;4.16&#8243; global_colors_info=&#8220;{}&#8220;][et_pb_row column_structure=&#8220;1_2,1_2&#8243; padding_top_bottom_link_2=&#8220;false&#8220; _builder_version=&#8220;4.16&#8243; global_colors_info=&#8220;{}&#8220;][et_pb_column type=&#8220;1_2&#8243; _builder_version=&#8220;4.16&#8243; background_size=&#8220;initial&#8220; custom_padding=&#8220;|||&#8220; global_colors_info=&#8220;{}&#8220; custom_padding__hover=&#8220;|||&#8220;][et_pb_image src=&#8220;https:\/\/zimmersmuehlenlauf.de\/wp-content\/uploads\/2023\/10\/DSC00820-scaled.jpg&#8220; title_text=&#8220;DSC00820&#8243; align_tablet=&#8220;center&#8220; align_phone=&#8220;&#8220; align_last_edited=&#8220;on|desktop&#8220; _builder_version=&#8220;4.22.2&#8243; animation_style=&#8220;slide&#8220; animation_direction=&#8220;left&#8220; animation_intensity_slide=&#8220;2%&#8220; border_radii=&#8220;on|4px|4px|4px|4px&#8220; global_colors_info=&#8220;{}&#8220;][\/et_pb_image][\/et_pb_column][et_pb_column type=&#8220;1_2&#8243; _builder_version=&#8220;4.16&#8243; background_image=&#8220;https:\/\/zimmersmuehlenlauf.de\/wp-content\/uploads\/2023\/10\/square-bg.png&#8220; background_size=&#8220;initial&#8220; background_position=&#8220;top_left&#8220; custom_padding=&#8220;10%|||40px&#8220; custom_padding_tablet=&#8220;|||&#8220; custom_padding_last_edited=&#8220;off|desktop&#8220; global_colors_info=&#8220;{}&#8220; padding_tablet=&#8220;|||&#8220; padding_last_edited=&#8220;off|desktop&#8220; custom_padding__hover=&#8220;|||&#8220;][et_pb_text admin_label=&#8220;Title&#8220; _builder_version=&#8220;4.24.0&#8243; text_font=&#8220;||||&#8220; text_text_color=&#8220;#3e3f56&#8243; header_font=&#8220;||||||||&#8220; header_text_align=&#8220;center&#8220; header_text_color=&#8220;#444235&#8243; header_font_size=&#8220;60px&#8220; header_line_height=&#8220;1.3em&#8220; background_size=&#8220;initial&#8220; background_position=&#8220;top_left&#8220; background_repeat=&#8220;repeat&#8220; text_orientation=&#8220;center&#8220; module_alignment=&#8220;center&#8220; header_text_align_tablet=&#8220;center&#8220; header_text_align_phone=&#8220;left&#8220; header_text_align_last_edited=&#8220;on|tablet&#8220; header_font_size_tablet=&#8220;50px&#8220; header_font_size_phone=&#8220;36px&#8220; header_font_size_last_edited=&#8220;on|phone&#8220; global_colors_info=&#8220;{}&#8220;]<\/p>\n<h1>Countdown<\/h1>\n<p>[\/et_pb_text][et_pb_text admin_label=&#8220;Subtitle&#8220; _builder_version=&#8220;4.24.0&#8243; text_font=&#8220;||||||||&#8220; text_text_color=&#8220;rgba(68,66,53,0.8)&#8220; text_font_size=&#8220;23px&#8220; text_line_height=&#8220;1.9em&#8220; background_size=&#8220;initial&#8220; background_position=&#8220;top_left&#8220; background_repeat=&#8220;repeat&#8220; text_orientation=&#8220;center&#8220; max_width=&#8220;800px&#8220; module_alignment=&#8220;center&#8220; custom_margin=&#8220;|||&#8220; custom_padding=&#8220;|||&#8220; animation_style=&#8220;slide&#8220; animation_direction=&#8220;bottom&#8220; animation_delay=&#8220;50ms&#8220; animation_intensity_slide=&#8220;10%&#8220; text_font_size_tablet=&#8220;23px&#8220; text_font_size_phone=&#8220;19px&#8220; text_font_size_last_edited=&#8220;on|phone&#8220; text_orientation_tablet=&#8220;center&#8220; text_orientation_phone=&#8220;left&#8220; text_orientation_last_edited=&#8220;on|phone&#8220; global_colors_info=&#8220;{}&#8220;]<\/p>\n<p>In diesem Jahr findet der Zimmersm\u00fchlenlauf am <b>28.08.2025 um 18 Uhr <\/b>statt.<\/p>\n<p><strong>Anmeldeschluss<\/strong><span>\u00a0<\/span>21.08.25<\/p>\n<p>[\/et_pb_text][et_pb_countdown_timer date_time=&#8220;2025-08-28 16:00&#8243; _builder_version=&#8220;4.27.4&#8243; _module_preset=&#8220;default&#8220; header_text_color=&#8220;RGBA(255,255,255,0)&#8220; numbers_text_color=&#8220;#447486&#8243; separator_text_color=&#8220;#447486&#8243; label_text_color=&#8220;#000000&#8243; label_font_size=&#8220;15px&#8220; background_enable_color=&#8220;off&#8220; width_tablet=&#8220;&#8220; width_phone=&#8220;&#8220; width_last_edited=&#8220;on|phone&#8220; custom_margin_tablet=&#8220;&#8220; custom_margin_phone=&#8220;|||-55px|false|false&#8220; custom_margin_last_edited=&#8220;on|phone&#8220; custom_padding_tablet=&#8220;&#8220; custom_padding_phone=&#8220;&#8220; custom_padding_last_edited=&#8220;on|phone&#8220; numbers_text_align_tablet=&#8220;&#8220; numbers_text_align_phone=&#8220;&#8220; numbers_text_align_last_edited=&#8220;on|phone&#8220; text_orientation_tablet=&#8220;&#8220; text_orientation_phone=&#8220;center&#8220; text_orientation_last_edited=&#8220;on|tablet&#8220; module_alignment_tablet=&#8220;&#8220; module_alignment_phone=&#8220;&#8220; module_alignment_last_edited=&#8220;on|phone&#8220; global_colors_info=&#8220;{}&#8220;][\/et_pb_countdown_timer][\/et_pb_column][\/et_pb_row][\/et_pb_section]<\/p>\n","protected":false},"excerpt":{"rendered":"<p>\u00dcber uns Im Jahr 2006 veranstalteten die Oberurseler Werkst\u00e4tten den ersten integrativen Zimmersm\u00fchlenlauf. Der Gedanke war es Menschen mit und ohne Behinderung zusammen zu bringen, Begegnungen zu f\u00f6rdern und so wurde diese sportliche Veranstaltung aus der Taufe gehoben. Schnell war die Laufstrecke auserkoren und man entschied sich zu drei verschiedenen Entfernungen: Integrationslauf (1,5 km), Walking [&hellip;]<\/p>\n","protected":false},"author":1,"featured_media":0,"parent":0,"menu_order":0,"comment_status":"closed","ping_status":"closed","template":"","meta":{"_et_pb_use_builder":"on","_et_pb_old_content":"<!-- wp:divi\/placeholder \/-->","_et_gb_content_width":"","footnotes":""},"class_list":["post-12","page","type-page","status-publish","hentry"],"_links":{"self":[{"href":"https:\/\/zimmersmuehlenlauf.de\/index.php?rest_route=\/wp\/v2\/pages\/12","targetHints":{"allow":["GET"]}}],"collection":[{"href":"https:\/\/zimmersmuehlenlauf.de\/index.php?rest_route=\/wp\/v2\/pages"}],"about":[{"href":"https:\/\/zimmersmuehlenlauf.de\/index.php?rest_route=\/wp\/v2\/types\/page"}],"author":[{"embeddable":true,"href":"https:\/\/zimmersmuehlenlauf.de\/index.php?rest_route=\/wp\/v2\/users\/1"}],"replies":[{"embeddable":true,"href":"https:\/\/zimmersmuehlenlauf.de\/index.php?rest_route=%2Fwp%2Fv2%2Fcomments&post=12"}],"version-history":[{"count":71,"href":"https:\/\/zimmersmuehlenlauf.de\/index.php?rest_route=\/wp\/v2\/pages\/12\/revisions"}],"predecessor-version":[{"id":551,"href":"https:\/\/zimmersmuehlenlauf.de\/index.php?rest_route=\/wp\/v2\/pages\/12\/revisions\/551"}],"wp:attachment":[{"href":"https:\/\/zimmersmuehlenlauf.de\/index.php?rest_route=%2Fwp%2Fv2%2Fmedia&parent=12"}],"curies":[{"name":"wp","href":"https:\/\/api.w.org\/{rel}","templated":true}]}}