{"id":17,"date":"2023-10-12T13:25:19","date_gmt":"2023-10-12T13:25:19","guid":{"rendered":"https:\/\/zimmersmuehlenlauf.de\/?page_id=17"},"modified":"2025-06-06T09:25:10","modified_gmt":"2025-06-06T09:25:10","slug":"impressum","status":"publish","type":"page","link":"https:\/\/zimmersmuehlenlauf.de\/?page_id=17","title":{"rendered":"Impressum"},"content":{"rendered":"<p>[et_pb_section fb_built=&#8220;1&#8243; _builder_version=&#8220;4.22.2&#8243; _module_preset=&#8220;default&#8220; global_colors_info=&#8220;{}&#8220;][et_pb_row _builder_version=&#8220;4.22.2&#8243; _module_preset=&#8220;default&#8220; global_colors_info=&#8220;{}&#8220;][et_pb_column type=&#8220;4_4&#8243; _builder_version=&#8220;4.22.2&#8243; _module_preset=&#8220;default&#8220; global_colors_info=&#8220;{}&#8220;][et_pb_text _builder_version=&#8220;4.23&#8243; _module_preset=&#8220;default&#8220; text_font=&#8220;|600|||||||&#8220; text_text_color=&#8220;#000000&#8243; text_font_size=&#8220;32px&#8220; global_colors_info=&#8220;{}&#8220;]<\/p>\n<p>Impressum<\/p>\n<p>[\/et_pb_text][\/et_pb_column][\/et_pb_row][et_pb_row _builder_version=&#8220;4.22.2&#8243; _module_preset=&#8220;default&#8220; global_colors_info=&#8220;{}&#8220;][et_pb_column type=&#8220;4_4&#8243; _builder_version=&#8220;4.22.2&#8243; _module_preset=&#8220;default&#8220; global_colors_info=&#8220;{}&#8220;][et_pb_text _builder_version=&#8220;4.25.1&#8243; _module_preset=&#8220;default&#8220; global_colors_info=&#8220;{}&#8220;]<\/p>\n<p><span><strong>Oberurseler Werkst\u00e4tten<\/strong><\/span><br \/><span> Eigenbetrieb des Hochtaunuskreises<\/span><br \/><span> <\/span>Oberurseler Str. 86-88<br \/><span>61440 Oberursel<\/span><\/p>\n<p><b>Telefon:<\/b><span>\u00a0+49 6171\/9980-000\u00a0<\/span><\/p>\n<p><b>E-Mail:<\/b><span>\u00a0info(at)o-wfb.de\u00a0<\/span><\/p>\n<p><b>Internet<\/b>\u00a0<a href=\"http:\/\/www.o-wfb.de\">www.o-wfb.de\u00a0<\/a><\/p>\n<p><b>Erster Betriebsleiter<\/b>\u00a0Herr Andreas Knoche<\/p>\n<p><b>Umsatzsteuer-ID<\/b>\u00a0DE 114 1104 74<\/p>\n<p><b>Bankverbindung <\/b>Taunus-Sparkasse DE61 512 500 000 007 094 493<\/p>\n<p><b>Gerichtsstand<\/b>\u00a0Bad Homburg Anerkannte Werkstatt f\u00fcr behinderte Menschen gem. Paragraph 140 und Paragraph 142 SGB IX<\/p>\n<p>&nbsp;<\/p>\n<p><b>Haftungsausschluss;<\/b><br \/><span>Trotz sorgf\u00e4ltiger und regelm\u00e4\u00dfiger Kontrolle \u00fcbernehmen die Oberurseler Werkst\u00e4tten keine Haftung oder Garantie f\u00fcr die Vollst\u00e4ndigkeit, Richtigkeit oder Aktualit\u00e4t der auf dieser Web-Site bereitgestellten Informationen. Dies gilt auch f\u00fcr alle Verbindungen (&#8222;Links&#8220;) auf Angebote Dritter, auf die von dieser Website direkt oder indirekt verwiesen wird. Die Oberurseler Werkst\u00e4tten sind f\u00fcr den Inhalt einer Seite, die mit einem solchen link erreicht wird, nicht verantwortlich.<\/span><\/p>\n<p><span>Die Oberurseler Werkst\u00e4tten behalten es sich ausdr\u00fccklich vor, Teile der Seiten oder das gesamte Angebot ohne gesonderte Ank\u00fcndigung zu ver\u00e4ndern, zu erg\u00e4nzen, zu l\u00f6schen oder die Ver\u00f6ffentlichung zeitweise oder endg\u00fcltig einzustellen.<\/span><\/p>\n<p>[\/et_pb_text][\/et_pb_column][\/et_pb_row][\/et_pb_section]<\/p>\n","protected":false},"excerpt":{"rendered":"<p>ImpressumOberurseler Werkst\u00e4tten Eigenbetrieb des Hochtaunuskreises Oberurseler Str. 86-8861440 Oberursel Telefon:\u00a0+49 6171\/9980-000\u00a0 E-Mail:\u00a0info(at)o-wfb.de\u00a0 Internet\u00a0www.o-wfb.de\u00a0 Erster Betriebsleiter\u00a0Herr Andreas Knoche Umsatzsteuer-ID\u00a0DE 114 1104 74 Bankverbindung Taunus-Sparkasse DE61 512 500 000 007 094 493 Gerichtsstand\u00a0Bad Homburg Anerkannte Werkstatt f\u00fcr behinderte Menschen gem. Paragraph 140 und Paragraph 142 SGB IX &nbsp; Haftungsausschluss;Trotz sorgf\u00e4ltiger und regelm\u00e4\u00dfiger Kontrolle \u00fcbernehmen die Oberurseler Werkst\u00e4tten [&hellip;]<\/p>\n","protected":false},"author":1,"featured_media":0,"parent":0,"menu_order":0,"comment_status":"closed","ping_status":"closed","template":"","meta":{"_et_pb_use_builder":"on","_et_pb_old_content":"<!-- wp:divi\/placeholder \/-->","_et_gb_content_width":"","footnotes":""},"class_list":["post-17","page","type-page","status-publish","hentry"],"_links":{"self":[{"href":"https:\/\/zimmersmuehlenlauf.de\/index.php?rest_route=\/wp\/v2\/pages\/17","targetHints":{"allow":["GET"]}}],"collection":[{"href":"https:\/\/zimmersmuehlenlauf.de\/index.php?rest_route=\/wp\/v2\/pages"}],"about":[{"href":"https:\/\/zimmersmuehlenlauf.de\/index.php?rest_route=\/wp\/v2\/types\/page"}],"author":[{"embeddable":true,"href":"https:\/\/zimmersmuehlenlauf.de\/index.php?rest_route=\/wp\/v2\/users\/1"}],"replies":[{"embeddable":true,"href":"https:\/\/zimmersmuehlenlauf.de\/index.php?rest_route=%2Fwp%2Fv2%2Fcomments&post=17"}],"version-history":[{"count":14,"href":"https:\/\/zimmersmuehlenlauf.de\/index.php?rest_route=\/wp\/v2\/pages\/17\/revisions"}],"predecessor-version":[{"id":518,"href":"https:\/\/zimmersmuehlenlauf.de\/index.php?rest_route=\/wp\/v2\/pages\/17\/revisions\/518"}],"wp:attachment":[{"href":"https:\/\/zimmersmuehlenlauf.de\/index.php?rest_route=%2Fwp%2Fv2%2Fmedia&parent=17"}],"curies":[{"name":"wp","href":"https:\/\/api.w.org\/{rel}","templated":true}]}}