{"id":25,"date":"2023-10-12T14:04:04","date_gmt":"2023-10-12T14:04:04","guid":{"rendered":"https:\/\/zimmersmuehlenlauf.de\/?page_id=25"},"modified":"2025-08-28T09:12:05","modified_gmt":"2025-08-28T09:12:05","slug":"anmeldung","status":"publish","type":"page","link":"https:\/\/zimmersmuehlenlauf.de\/?page_id=25","title":{"rendered":"Anmeldung"},"content":{"rendered":"<p>[et_pb_section fb_built=&#8220;1&#8243; _builder_version=&#8220;4.25.1&#8243; _module_preset=&#8220;default&#8220; global_colors_info=&#8220;{}&#8220;][et_pb_row _builder_version=&#8220;4.25.1&#8243; _module_preset=&#8220;default&#8220; global_colors_info=&#8220;{}&#8220;][et_pb_column type=&#8220;4_4&#8243; _builder_version=&#8220;4.25.1&#8243; _module_preset=&#8220;default&#8220; global_colors_info=&#8220;{}&#8220;][et_pb_slider _builder_version=&#8220;4.27.4&#8243; _module_preset=&#8220;default&#8220; custom_padding=&#8220;400px||400px||true|&#8220; auto=&#8220;on&#8220; auto_speed=&#8220;2000&#8243; hover_enabled=&#8220;0&#8243; global_colors_info=&#8220;{}&#8220; sticky_enabled=&#8220;0&#8243;][et_pb_slide _builder_version=&#8220;4.25.1&#8243; _module_preset=&#8220;default&#8220; background_image=&#8220;https:\/\/zimmersmuehlenlauf.de\/wp-content\/uploads\/2025\/06\/2024-Zimmersmuehlenlauf-03-scaled.jpg&#8220; background_enable_image=&#8220;on&#8220; global_colors_info=&#8220;{}&#8220; sticky_transition=&#8220;on&#8220;][\/et_pb_slide][et_pb_slide _builder_version=&#8220;4.25.1&#8243; _module_preset=&#8220;default&#8220; background_image=&#8220;https:\/\/zimmersmuehlenlauf.de\/wp-content\/uploads\/2025\/06\/2024-Zimmersmuehlenlauf-04-scaled.jpg&#8220; background_enable_image=&#8220;on&#8220; global_colors_info=&#8220;{}&#8220; sticky_transition=&#8220;on&#8220;][\/et_pb_slide][et_pb_slide _builder_version=&#8220;4.25.1&#8243; _module_preset=&#8220;default&#8220; background_image=&#8220;https:\/\/zimmersmuehlenlauf.de\/wp-content\/uploads\/2025\/06\/2024-Zimmersmuehlenlauf-05-scaled.jpg&#8220; background_enable_image=&#8220;on&#8220; global_colors_info=&#8220;{}&#8220; sticky_transition=&#8220;on&#8220;][\/et_pb_slide][et_pb_slide _builder_version=&#8220;4.25.1&#8243; _module_preset=&#8220;default&#8220; background_image=&#8220;https:\/\/zimmersmuehlenlauf.de\/wp-content\/uploads\/2025\/06\/2024-Zimmersmuehlenlauf-07-scaled.jpg&#8220; background_enable_image=&#8220;on&#8220; global_colors_info=&#8220;{}&#8220; sticky_transition=&#8220;on&#8220;][\/et_pb_slide][et_pb_slide _builder_version=&#8220;4.25.1&#8243; _module_preset=&#8220;default&#8220; background_image=&#8220;https:\/\/zimmersmuehlenlauf.de\/wp-content\/uploads\/2025\/06\/2024-Zimmersmuehlenlauf-09-scaled.jpg&#8220; background_enable_image=&#8220;on&#8220; global_colors_info=&#8220;{}&#8220; sticky_transition=&#8220;on&#8220;][\/et_pb_slide][et_pb_slide _builder_version=&#8220;4.25.1&#8243; _module_preset=&#8220;default&#8220; background_image=&#8220;https:\/\/zimmersmuehlenlauf.de\/wp-content\/uploads\/2025\/06\/2024-Zimmersmuehlenlauf-10-scaled.jpg&#8220; background_enable_image=&#8220;on&#8220; global_colors_info=&#8220;{}&#8220; sticky_transition=&#8220;on&#8220;][\/et_pb_slide][et_pb_slide _builder_version=&#8220;4.25.1&#8243; _module_preset=&#8220;default&#8220; background_image=&#8220;https:\/\/zimmersmuehlenlauf.de\/wp-content\/uploads\/2025\/06\/2024-Zimmersmuehlenlauf-24-scaled.jpg&#8220; background_enable_image=&#8220;on&#8220; global_colors_info=&#8220;{}&#8220; sticky_transition=&#8220;on&#8220;][\/et_pb_slide][et_pb_slide _builder_version=&#8220;4.25.1&#8243; _module_preset=&#8220;default&#8220; background_image=&#8220;https:\/\/zimmersmuehlenlauf.de\/wp-content\/uploads\/2025\/06\/2024-Zimmersmuehlenlauf-25-scaled.jpg&#8220; background_enable_image=&#8220;on&#8220; global_colors_info=&#8220;{}&#8220; sticky_transition=&#8220;on&#8220;][\/et_pb_slide][et_pb_slide _builder_version=&#8220;4.25.1&#8243; _module_preset=&#8220;default&#8220; background_image=&#8220;https:\/\/zimmersmuehlenlauf.de\/wp-content\/uploads\/2025\/06\/2024-Zimmersmuehlenlauf-31-scaled.jpg&#8220; background_enable_image=&#8220;on&#8220; global_colors_info=&#8220;{}&#8220; sticky_transition=&#8220;on&#8220;][\/et_pb_slide][et_pb_slide _builder_version=&#8220;4.25.1&#8243; _module_preset=&#8220;default&#8220; background_image=&#8220;https:\/\/zimmersmuehlenlauf.de\/wp-content\/uploads\/2025\/06\/2024-Zimmersmuehlenlauf-32-scaled.jpg&#8220; background_enable_image=&#8220;on&#8220; global_colors_info=&#8220;{}&#8220; sticky_transition=&#8220;on&#8220;][\/et_pb_slide][\/et_pb_slider][\/et_pb_column][\/et_pb_row][\/et_pb_section][et_pb_section fb_built=&#8220;1&#8243; _builder_version=&#8220;4.22.2&#8243; _module_preset=&#8220;default&#8220; global_colors_info=&#8220;{}&#8220;][et_pb_row _builder_version=&#8220;4.25.1&#8243; _module_preset=&#8220;default&#8220; global_colors_info=&#8220;{}&#8220;][et_pb_column type=&#8220;4_4&#8243; _builder_version=&#8220;4.22.2&#8243; _module_preset=&#8220;default&#8220; global_colors_info=&#8220;{}&#8220;][et_pb_text _builder_version=&#8220;4.24.0&#8243; _module_preset=&#8220;default&#8220; text_orientation=&#8220;center&#8220; custom_margin=&#8220;||||false|false&#8220; custom_padding=&#8220;||||false|false&#8220; global_colors_info=&#8220;{}&#8220;]<\/p>\n<h2>Ausschreibung 20. Zimmersm\u00fchlenlauf<\/h2>\n<p>.<\/p>\n<p>[\/et_pb_text][et_pb_text _builder_version=&#8220;4.27.4&#8243; _module_preset=&#8220;default&#8220; text_orientation=&#8220;center&#8220; custom_margin=&#8220;-20px||||false|false&#8220; custom_padding=&#8220;||||false|false&#8220; global_colors_info=&#8220;{}&#8220;]<\/p>\n<p>In diesem Jahr findet der Zimmersm\u00fchlenlauf am<b><span>\u00a0<\/span>28.08.2025 um 18 Uhr<\/p>\n<p><\/b><\/p>\n<p><span style=\"color: #e02b20;\"><strong><span style=\"font-size: large;\">Anmeldungen sind online nicht mehr m\u00f6glich<br \/><\/span><\/strong><\/span><\/p>\n<p><u><\/u><\/p>\n<p>Der Reinerl\u00f6s der Veranstaltung kommt den Oberurseler Werkst\u00e4tten zu Gute.<br \/>Veranstalter: Oberurseler Werkst\u00e4tten, Oberurseler Str. 86-88, 61440 Oberursel<\/p>\n<p>&nbsp;<\/p>\n<p><strong>M\u00f6chten sie uns mit ihrer Spende zus\u00e4tzlich unterst\u00fctzen? <\/strong><\/p>\n<p>Dann \u00fcberweisen sie gern auf unser Konto mit dem Verwendungszweck:<strong> \u201eSpende\u201c<\/strong> mit ihren Namen.<\/p>\n<p>Falls sie eine Spendenbescheinigung ben\u00f6tigen, kontaktieren sie unsere Buchhaltung<strong> (<a href=\"mailto:buchhaltung@o-wfb.de\">buchhaltung@o-wfb.de<\/a>)<\/strong><\/p>\n<p><strong><\/strong><\/p>\n<p><strong><\/strong><\/p>\n<p><strong><\/strong><\/p>\n<p><strong>Haftung<\/strong>:<br \/>Die Oberurseler Werkst\u00e4tten \u00fcbernehmen keinerlei Haftung f\u00fcr Unf\u00e4lle, Diebstahl usw.<\/p>\n<p><u>Schirmherrschaft:<\/u><\/p>\n<p>[\/et_pb_text][\/et_pb_column][\/et_pb_row][et_pb_row disabled_on=&#8220;on|on|on&#8220; _builder_version=&#8220;4.27.4&#8243; _module_preset=&#8220;default&#8220; disabled=&#8220;on&#8220; global_colors_info=&#8220;{}&#8220;][et_pb_column type=&#8220;4_4&#8243; _builder_version=&#8220;4.22.2&#8243; _module_preset=&#8220;default&#8220; global_colors_info=&#8220;{}&#8220;][et_pb_code _builder_version=&#8220;4.24.0&#8243; _module_preset=&#8220;default&#8220; custom_margin=&#8220;||-20px|||&#8220; global_colors_info=&#8220;{}&#8220;]<iframe loading=\"lazy\" src=\"https:\/\/zml.o-wfb.de\" width=\"100%\" height=\"900px\"><!-- [et_pb_line_break_holder] -->   <!-- [et_pb_line_break_holder] --><\/iframe>[\/et_pb_code][\/et_pb_column][\/et_pb_row][\/et_pb_section]<\/p>\n","protected":false},"excerpt":{"rendered":"<p>Ausschreibung 20. Zimmersm\u00fchlenlauf .In diesem Jahr findet der Zimmersm\u00fchlenlauf am\u00a028.08.2025 um 18 Uhr Anmeldungen sind online nicht mehr m\u00f6glich Der Reinerl\u00f6s der Veranstaltung kommt den Oberurseler Werkst\u00e4tten zu Gute.Veranstalter: Oberurseler Werkst\u00e4tten, Oberurseler Str. 86-88, 61440 Oberursel &nbsp; M\u00f6chten sie uns mit ihrer Spende zus\u00e4tzlich unterst\u00fctzen? Dann \u00fcberweisen sie gern auf unser Konto mit dem Verwendungszweck: [&hellip;]<\/p>\n","protected":false},"author":1,"featured_media":0,"parent":0,"menu_order":0,"comment_status":"closed","ping_status":"closed","template":"","meta":{"_et_pb_use_builder":"on","_et_pb_old_content":"","_et_gb_content_width":"","footnotes":""},"class_list":["post-25","page","type-page","status-publish","hentry"],"_links":{"self":[{"href":"https:\/\/zimmersmuehlenlauf.de\/index.php?rest_route=\/wp\/v2\/pages\/25","targetHints":{"allow":["GET"]}}],"collection":[{"href":"https:\/\/zimmersmuehlenlauf.de\/index.php?rest_route=\/wp\/v2\/pages"}],"about":[{"href":"https:\/\/zimmersmuehlenlauf.de\/index.php?rest_route=\/wp\/v2\/types\/page"}],"author":[{"embeddable":true,"href":"https:\/\/zimmersmuehlenlauf.de\/index.php?rest_route=\/wp\/v2\/users\/1"}],"replies":[{"embeddable":true,"href":"https:\/\/zimmersmuehlenlauf.de\/index.php?rest_route=%2Fwp%2Fv2%2Fcomments&post=25"}],"version-history":[{"count":30,"href":"https:\/\/zimmersmuehlenlauf.de\/index.php?rest_route=\/wp\/v2\/pages\/25\/revisions"}],"predecessor-version":[{"id":547,"href":"https:\/\/zimmersmuehlenlauf.de\/index.php?rest_route=\/wp\/v2\/pages\/25\/revisions\/547"}],"wp:attachment":[{"href":"https:\/\/zimmersmuehlenlauf.de\/index.php?rest_route=%2Fwp%2Fv2%2Fmedia&parent=25"}],"curies":[{"name":"wp","href":"https:\/\/api.w.org\/{rel}","templated":true}]}}