{"id":396,"date":"2023-11-16T11:46:22","date_gmt":"2023-11-16T11:46:22","guid":{"rendered":"https:\/\/zimmersmuehlenlauf.de\/?page_id=396"},"modified":"2024-02-02T08:30:50","modified_gmt":"2024-02-02T08:30:50","slug":"ueber-uns","status":"publish","type":"page","link":"https:\/\/zimmersmuehlenlauf.de\/?page_id=396","title":{"rendered":"\u00dcber uns"},"content":{"rendered":"<p>[et_pb_section fb_built=&#8220;1&#8243; admin_label=&#8220;About&#8220; _builder_version=&#8220;4.16&#8243; _module_preset=&#8220;default&#8220; overflow-x=&#8220;hidden&#8220; global_colors_info=&#8220;{}&#8220;][et_pb_row column_structure=&#8220;2_3,1_3&#8243; _builder_version=&#8220;4.16&#8243; _module_preset=&#8220;default&#8220; custom_margin=&#8220;||84px||false|false&#8220; custom_margin_tablet=&#8220;||30px||false|false&#8220; custom_margin_phone=&#8220;&#8220; custom_margin_last_edited=&#8220;on|phone&#8220; global_colors_info=&#8220;{}&#8220;][et_pb_column type=&#8220;2_3&#8243; _builder_version=&#8220;4.16&#8243; _module_preset=&#8220;default&#8220; custom_padding=&#8220;50px||||false|false&#8220; custom_padding_tablet=&#8220;0px||||false|false&#8220; custom_padding_phone=&#8220;&#8220; custom_padding_last_edited=&#8220;on|tablet&#8220; global_colors_info=&#8220;{}&#8220;][et_pb_text _builder_version=&#8220;4.23.1&#8243; _module_preset=&#8220;ea40a494-2746-4a68-8793-e6433c7ed8cd&#8220; header_4_font=&#8220;Merriweather|700|||||||&#8220; header_4_text_color=&#8220;#FD6439&#8243; header_4_font_size=&#8220;16px&#8220; header_4_line_height=&#8220;1.5em&#8220; custom_margin=&#8220;||0px||false|false&#8220; header_4_font_size_tablet=&#8220;14px&#8220; header_4_font_size_phone=&#8220;12px&#8220; header_4_font_size_last_edited=&#8220;on|desktop&#8220; locked=&#8220;off&#8220; global_colors_info=&#8220;{}&#8220;]<\/p>\n<h4>\u00dcber uns<\/h4>\n<p>[\/et_pb_text][et_pb_text _builder_version=&#8220;4.23.1&#8243; _module_preset=&#8220;b6cb9bd8-0fbd-4699-b58d-51b3d480db23&#8243; header_2_font=&#8220;|700|||||||&#8220; header_2_text_color=&#8220;#000000&#8243; header_2_font_size=&#8220;52px&#8220; header_2_line_height=&#8220;1.2em&#8220; header_2_font_size_tablet=&#8220;32px&#8220; header_2_font_size_phone=&#8220;20px&#8220; header_2_font_size_last_edited=&#8220;on|tablet&#8220; header_2_line_height_tablet=&#8220;1.3em&#8220; header_2_line_height_phone=&#8220;1.4em&#8220; header_2_line_height_last_edited=&#8220;on|phone&#8220; global_colors_info=&#8220;{}&#8220;]<\/p>\n<h2>Was ist der integrative Zimmersm\u00fchlenlauf?<\/h2>\n<p>[\/et_pb_text][et_pb_text _builder_version=&#8220;4.23.1&#8243; _module_preset=&#8220;f0cf31b9-b2e7-4752-a57c-6e2f73347b36&#8243; text_text_color=&#8220;#000000&#8243; text_font_size=&#8220;16px&#8220; text_line_height=&#8220;1.8em&#8220; text_font_size_tablet=&#8220;14px&#8220; text_font_size_phone=&#8220;12px&#8220; text_font_size_last_edited=&#8220;on|desktop&#8220; header_font_size_tablet=&#8220;55px&#8220; header_font_size_last_edited=&#8220;off|desktop&#8220; global_colors_info=&#8220;{}&#8220;]<\/p>\n<p>Im Jahr 2006 veranstalteten die Oberurseler Werkst\u00e4tten den ersten integrativen<br \/>Zimmersm\u00fchlenlauf. Der Gedanke war es Menschen mit und ohne Behinderung zusammen zu<br \/>bringen, Begegnungen zu f\u00f6rdern und so wurde diese sportliche Veranstaltung aus der Taufe<br \/>gehoben. Schnell war die Laufstrecke auserkoren und man entschied sich zu drei verschiedenen<br \/>Entfernungen: Integrationslauf (1,5 km), Walking (3 km) und Hauptlauf (6 km).<\/p>\n<p>Gemeinsam Sport treiben und anschlie\u00dfend ein sogenanntes \u201eCome-together\u201c bei Musik, Getr\u00e4nken<br \/>und Speisen auf dem Gel\u00e4nde der Oberurseler Werkst\u00e4tten. Nicht nur die Theorie der Idee war<br \/>sch\u00f6n, sondern auch die Umsetzung und schon im ersten Jahr konnten zahlreiche Sponsoren<br \/>gewonnen werden und \u00fcber 450 Menschen mit und ohne Behinderung nahmen an dem Lauf teil. Der<br \/>Tenor der Teilnehmenden war eindeutig und so beschlossen die Oberurseler Werkst\u00e4tten den Lauf<br \/>j\u00e4hrlich stattfinden zu lassen.<\/p>\n<p>Die Zahl der Teilnehmenden ging Jahr f\u00fcr Jahr nach oben, 2008 waren fast 1.000 L\u00e4uferinnen und<br \/>L\u00e4ufer am Start und schon bei der 4. Ausgabe im Jahr 2009 wurde die Marke von 1.000 weit<br \/>\u00fcberschritten. Viele Firmenteams, Vereine und Freunde der Werkst\u00e4tten laufen seit Jahren f\u00fcr<br \/>Integration und Inklussion. Im Jahr 2017 wurden dann gar die Marke von 2.000 Teilnehmenden<br \/>\u00fcberschritten.<\/p>\n<p>Im Coronajahr 2020 wurde der Lauf dann virtuell veranstaltet und die Resonanz war sensationell und<br \/>die Beteiligten posteten Bilder und Videos ihrer Aktivit\u00e4ten bei Facebook und Instagram. Seit 2022 ist<br \/>der Lauf dann wieder eine Pr\u00e4senzveranstaltung und die Zahlen der Teilnehmenden steigen wieder in<br \/>Richtung 1.500.<\/p>\n<p>Seit 2010 werden die Teilnehmenden des Integrationslaufes (1,5 km) vor allen Anderen auf die<br \/>Stecke geschickt und von den wartenden Teilnehmenden des Walkings und Hauptlaufes mit einem<br \/>Spalier empfangen. Dies ist sicherlich der emotionalste Moment nicht nur f\u00fcr die Menschen, die<br \/>durch das Spalier laufen.<\/p>\n<p>Im Anschluss treffen sich dann alle Teilnehmenden, Zuschauerinnen und Zuschauer zum gem\u00fctlichen<br \/>Beisammensein auf dem Hof der Oberurseler Werkst\u00e4tten. Dies wird abgerundet durch Auftritte von<br \/>H\u00f6rsturtz (Werkstattband), DJ Blindfisch und einer weiteren Band. Nicht nur f\u00fcr die Menschen der<br \/>Werkst\u00e4tten ist der Abend mit Lauf und \u201eCome-together\u201c ein absolutes Highlight im Jahr, was man<br \/>auch den Bildern entnehmen kann.<\/p>\n<p>[\/et_pb_text][\/et_pb_column][et_pb_column type=&#8220;1_3&#8243; _builder_version=&#8220;4.16&#8243; _module_preset=&#8220;default&#8220; global_colors_info=&#8220;{}&#8220;][et_pb_image src=&#8220;https:\/\/zimmersmuehlenlauf.de\/wp-content\/uploads\/2023\/10\/DSC00906-scaled.jpg&#8220; title_text=&#8220;DSC00906&#8243; show_bottom_space=&#8220;off&#8220; _builder_version=&#8220;4.23.1&#8243; _module_preset=&#8220;default&#8220; custom_margin=&#8220;|-300px|||false|false&#8220; custom_margin_tablet=&#8220;|0px|||false|false&#8220; custom_margin_phone=&#8220;&#8220; custom_margin_last_edited=&#8220;on|phone&#8220; custom_padding=&#8220;50px||||false|false&#8220; global_colors_info=&#8220;{}&#8220;][\/et_pb_image][\/et_pb_column][\/et_pb_row][et_pb_row _builder_version=&#8220;4.23.1&#8243; _module_preset=&#8220;default&#8220; custom_margin=&#8220;-50px||||false|false&#8220; custom_padding=&#8220;||||false|false&#8220; global_colors_info=&#8220;{}&#8220;][et_pb_column type=&#8220;4_4&#8243; _builder_version=&#8220;4.23.1&#8243; _module_preset=&#8220;default&#8220; global_colors_info=&#8220;{}&#8220;][et_pb_button button_url=&#8220;@ET-DC@eyJkeW5hbWljIjp0cnVlLCJjb250ZW50IjoicG9zdF9saW5rX3VybF9wYWdlIiwic2V0dGluZ3MiOnsicG9zdF9pZCI6IjI1In19@&#8220; button_text=&#8220;Weiter zur anmeldung&#8220; button_alignment=&#8220;center&#8220; _builder_version=&#8220;4.24.0&#8243; _dynamic_attributes=&#8220;button_url&#8220; custom_button=&#8220;on&#8220; button_text_size=&#8220;16px&#8220; button_text_color=&#8220;#ffffff&#8220; button_bg_color=&#8220;#417487&#8243; button_border_width=&#8220;10px&#8220; button_border_color=&#8220;#417487&#8243; button_border_radius=&#8220;4px&#8220; button_letter_spacing=&#8220;3px&#8220; button_font=&#8220;|700||on|||||&#8220; box_shadow_style=&#8220;preset3&#8243; box_shadow_vertical=&#8220;20px&#8220; box_shadow_blur=&#8220;40px&#8220; box_shadow_spread=&#8220;-7px&#8220; box_shadow_color=&#8220;#417487&#8243; button_border_radius_hover=&#8220;4px&#8220; button_letter_spacing_hover=&#8220;3px&#8220; locked=&#8220;off&#8220; global_colors_info=&#8220;{}&#8220; button_text_size__hover_enabled=&#8220;off&#8220; button_one_text_size__hover_enabled=&#8220;off&#8220; button_two_text_size__hover_enabled=&#8220;off&#8220; button_text_color__hover_enabled=&#8220;off&#8220; button_one_text_color__hover_enabled=&#8220;off&#8220; button_two_text_color__hover_enabled=&#8220;off&#8220; button_border_width__hover_enabled=&#8220;off&#8220; button_one_border_width__hover_enabled=&#8220;off&#8220; button_two_border_width__hover_enabled=&#8220;off&#8220; button_border_color__hover_enabled=&#8220;on|hover&#8220; button_one_border_color__hover_enabled=&#8220;off&#8220; button_two_border_color__hover_enabled=&#8220;off&#8220; button_border_radius__hover_enabled=&#8220;on&#8220; button_border_radius__hover=&#8220;4px&#8220; button_one_border_radius__hover_enabled=&#8220;off&#8220; button_two_border_radius__hover_enabled=&#8220;off&#8220; button_letter_spacing__hover_enabled=&#8220;on&#8220; button_letter_spacing__hover=&#8220;3px&#8220; button_one_letter_spacing__hover_enabled=&#8220;off&#8220; button_two_letter_spacing__hover_enabled=&#8220;off&#8220; button_bg_color__hover_enabled=&#8220;on|hover&#8220; button_one_bg_color__hover_enabled=&#8220;off&#8220; button_two_bg_color__hover_enabled=&#8220;off&#8220; button_border_color__hover=&#8220;#fbb900&#8243; button_bg_color__hover=&#8220;#fbb900&#8243; button_bg_enable_color__hover=&#8220;on&#8220; box_shadow_color__hover_enabled=&#8220;on|hover&#8220; box_shadow_color__hover=&#8220;rgba(251,185,0,0.45)&#8220;][\/et_pb_button][\/et_pb_column][\/et_pb_row][\/et_pb_section][et_pb_section fb_built=&#8220;1&#8243; _builder_version=&#8220;4.23.1&#8243; _module_preset=&#8220;default&#8220; global_colors_info=&#8220;{}&#8220;][et_pb_row _builder_version=&#8220;4.23.1&#8243; _module_preset=&#8220;default&#8220; global_colors_info=&#8220;{}&#8220;][et_pb_column type=&#8220;4_4&#8243; _builder_version=&#8220;4.23.1&#8243; _module_preset=&#8220;default&#8220; global_colors_info=&#8220;{}&#8220;][\/et_pb_column][\/et_pb_row][\/et_pb_section]<\/p>\n","protected":false},"excerpt":{"rendered":"<p>\u00dcber unsWas ist der integrative Zimmersm\u00fchlenlauf?Im Jahr 2006 veranstalteten die Oberurseler Werkst\u00e4tten den ersten integrativenZimmersm\u00fchlenlauf. Der Gedanke war es Menschen mit und ohne Behinderung zusammen zubringen, Begegnungen zu f\u00f6rdern und so wurde diese sportliche Veranstaltung aus der Taufegehoben. Schnell war die Laufstrecke auserkoren und man entschied sich zu drei verschiedenenEntfernungen: Integrationslauf (1,5 km), Walking (3 [&hellip;]<\/p>\n","protected":false},"author":1,"featured_media":0,"parent":0,"menu_order":0,"comment_status":"closed","ping_status":"closed","template":"","meta":{"_et_pb_use_builder":"on","_et_pb_old_content":"","_et_gb_content_width":"","footnotes":""},"class_list":["post-396","page","type-page","status-publish","hentry"],"_links":{"self":[{"href":"https:\/\/zimmersmuehlenlauf.de\/index.php?rest_route=\/wp\/v2\/pages\/396","targetHints":{"allow":["GET"]}}],"collection":[{"href":"https:\/\/zimmersmuehlenlauf.de\/index.php?rest_route=\/wp\/v2\/pages"}],"about":[{"href":"https:\/\/zimmersmuehlenlauf.de\/index.php?rest_route=\/wp\/v2\/types\/page"}],"author":[{"embeddable":true,"href":"https:\/\/zimmersmuehlenlauf.de\/index.php?rest_route=\/wp\/v2\/users\/1"}],"replies":[{"embeddable":true,"href":"https:\/\/zimmersmuehlenlauf.de\/index.php?rest_route=%2Fwp%2Fv2%2Fcomments&post=396"}],"version-history":[{"count":7,"href":"https:\/\/zimmersmuehlenlauf.de\/index.php?rest_route=\/wp\/v2\/pages\/396\/revisions"}],"predecessor-version":[{"id":427,"href":"https:\/\/zimmersmuehlenlauf.de\/index.php?rest_route=\/wp\/v2\/pages\/396\/revisions\/427"}],"wp:attachment":[{"href":"https:\/\/zimmersmuehlenlauf.de\/index.php?rest_route=%2Fwp%2Fv2%2Fmedia&parent=396"}],"curies":[{"name":"wp","href":"https:\/\/api.w.org\/{rel}","templated":true}]}}