{"id":59,"date":"2023-10-17T07:38:25","date_gmt":"2023-10-17T07:38:25","guid":{"rendered":"https:\/\/zimmersmuehlenlauf.de\/?page_id=59"},"modified":"2023-10-27T08:37:34","modified_gmt":"2023-10-27T08:37:34","slug":"teilnahmebedingungen","status":"publish","type":"page","link":"https:\/\/zimmersmuehlenlauf.de\/?page_id=59","title":{"rendered":"Teilnahmebedingungen"},"content":{"rendered":"<p>[et_pb_section fb_built=&#8220;1&#8243; _builder_version=&#8220;4.22.2&#8243; _module_preset=&#8220;default&#8220; global_colors_info=&#8220;{}&#8220; theme_builder_area=&#8220;post_content&#8220;][et_pb_row _builder_version=&#8220;4.22.2&#8243; _module_preset=&#8220;default&#8220; global_colors_info=&#8220;{}&#8220; theme_builder_area=&#8220;post_content&#8220;][et_pb_column type=&#8220;4_4&#8243; _builder_version=&#8220;4.22.2&#8243; _module_preset=&#8220;default&#8220; global_colors_info=&#8220;{}&#8220; theme_builder_area=&#8220;post_content&#8220;][et_pb_text _builder_version=&#8220;4.23&#8243; _module_preset=&#8220;default&#8220; text_font=&#8220;|600|||||||&#8220; text_text_color=&#8220;#000000&#8243; text_font_size=&#8220;32px&#8220; hover_enabled=&#8220;0&#8243; global_colors_info=&#8220;{}&#8220; theme_builder_area=&#8220;post_content&#8220; sticky_enabled=&#8220;0&#8243;]<\/p>\n<p>Die Teilnahmebedingungen<\/p>\n<p>[\/et_pb_text][\/et_pb_column][\/et_pb_row][et_pb_row _builder_version=&#8220;4.23&#8243; _module_preset=&#8220;default&#8220; hover_enabled=&#8220;0&#8243; global_colors_info=&#8220;{}&#8220; theme_builder_area=&#8220;post_content&#8220; sticky_enabled=&#8220;0&#8243;][et_pb_column type=&#8220;4_4&#8243; _builder_version=&#8220;4.22.2&#8243; _module_preset=&#8220;default&#8220; global_colors_info=&#8220;{}&#8220; theme_builder_area=&#8220;post_content&#8220;][et_pb_text _builder_version=&#8220;4.23&#8243; _module_preset=&#8220;default&#8220; hover_enabled=&#8220;0&#8243; global_colors_info=&#8220;{}&#8220; theme_builder_area=&#8220;post_content&#8220; sticky_enabled=&#8220;0&#8243;]<\/p>\n<p font-size:=\"\" 18px=\"\">Die Anmeldung erfolgt ausschlie\u00dflich \u00fcber die Homepage des Zimmersm\u00fchlenlaufes mit dem daf\u00fcr<span>\u00a0<\/span><a href=\"https:\/\/zimmersmuehlenlauf.de\/index.php?p=anmeldung\">vorgesehenen Meldeformular<\/a>.<br \/>Die TeilnehmerInnen akzeptieren die Teilnahmebedingungen mit dem entsprechenden Haken. Die L\u00e4ufer best\u00e4tigen, dass sie gesund sind, einen ausreichenden Trainingszustand besitzen und im Falle einer Einzelanmeldung eines\/r Minderj\u00e4hrigen, sichert der\/die minderj\u00e4hrige TeilnehmerIn zu, die Einverst\u00e4ndniserkl\u00e4rung seines\/seiner Erziehungsberechtigten im Vorfeld eingeholt zu haben (Begrenzung der Altersklassen f\u00fcr die 6 km = U14). Bei Mannschaften (Firmenteams, Vereinsteams, etc.) gen\u00fcgt stellvertretend das Best\u00e4tigen der Teilnahmebedingungen durch den Teamkapit\u00e4n. Bei der Teilnahme von Minderj\u00e4hrigen in einem Team liegt dem Teamkapit\u00e4n das Einverst\u00e4ndnis der Erziehungsberechtigten vor. Der Teamkapit\u00e4n ist f\u00fcr alle Starter seines Teams verantwortlich.<\/p>\n<p font-size:=\"\" 18px=\"\">Unvollst\u00e4ndig ausgef\u00fcllte Teilnehmerlisten\/Anmeldungen k\u00f6nnen nicht bearbeitet werden. Es wird um Verst\u00e4ndnis gebeten, dass die \u00dcbertragung oder R\u00fcckerstattung von Meldegeldern aus organisatorischen Gr\u00fcnden ausgeschlossen ist.<\/p>\n<p font-size:=\"\" 18px=\"\"><b>Die Startgeb\u00fchren sind rechtzeitig auf unser Konto bei der Taunussparkasse, IBAN DE 61512500000007094493, BIC HELADEF1TSK mit dem Kennwort &#8222;ZM-Lauf&#8220; zu \u00fcberweisen.<\/b><\/p>\n<p font-size:=\"\" 18px=\"\">Die Startnummer muss auf der Vorderseite sichtbar angebracht werden.<\/p>\n<p come-together=\"\" auf=\"\" dem=\"\" werkstattgel=\"\" nde=\"\" der=\"\" oberurseler=\"\" werkst=\"\" tten=\"\" eingeladen=\"\" dort=\"\" k=\"\" nnen=\"\" teamfoto=\"\" s=\"\" gemacht=\"\" werden=\"\" p=\"\">\n<p font-size:=\"\" 18px=\"\">Der Veranstalter beh\u00e4lt sich das Recht vor, den Lauf bei widrigen Wetterbedingungen zu verschieben oder abzusagen.<\/p>\n<p>[\/et_pb_text][\/et_pb_column][\/et_pb_row][\/et_pb_section]<\/p>\n","protected":false},"excerpt":{"rendered":"<p>Die TeilnahmebedingungenDie Anmeldung erfolgt ausschlie\u00dflich \u00fcber die Homepage des Zimmersm\u00fchlenlaufes mit dem daf\u00fcr\u00a0vorgesehenen Meldeformular.Die TeilnehmerInnen akzeptieren die Teilnahmebedingungen mit dem entsprechenden Haken. Die L\u00e4ufer best\u00e4tigen, dass sie gesund sind, einen ausreichenden Trainingszustand besitzen und im Falle einer Einzelanmeldung eines\/r Minderj\u00e4hrigen, sichert der\/die minderj\u00e4hrige TeilnehmerIn zu, die Einverst\u00e4ndniserkl\u00e4rung seines\/seiner Erziehungsberechtigten im Vorfeld eingeholt zu haben (Begrenzung [&hellip;]<\/p>\n","protected":false},"author":1,"featured_media":0,"parent":0,"menu_order":0,"comment_status":"closed","ping_status":"closed","template":"","meta":{"_et_pb_use_builder":"on","_et_pb_old_content":"<!-- wp:divi\/placeholder \/-->","_et_gb_content_width":"","footnotes":""},"class_list":["post-59","page","type-page","status-publish","hentry"],"_links":{"self":[{"href":"https:\/\/zimmersmuehlenlauf.de\/index.php?rest_route=\/wp\/v2\/pages\/59","targetHints":{"allow":["GET"]}}],"collection":[{"href":"https:\/\/zimmersmuehlenlauf.de\/index.php?rest_route=\/wp\/v2\/pages"}],"about":[{"href":"https:\/\/zimmersmuehlenlauf.de\/index.php?rest_route=\/wp\/v2\/types\/page"}],"author":[{"embeddable":true,"href":"https:\/\/zimmersmuehlenlauf.de\/index.php?rest_route=\/wp\/v2\/users\/1"}],"replies":[{"embeddable":true,"href":"https:\/\/zimmersmuehlenlauf.de\/index.php?rest_route=%2Fwp%2Fv2%2Fcomments&post=59"}],"version-history":[{"count":3,"href":"https:\/\/zimmersmuehlenlauf.de\/index.php?rest_route=\/wp\/v2\/pages\/59\/revisions"}],"predecessor-version":[{"id":300,"href":"https:\/\/zimmersmuehlenlauf.de\/index.php?rest_route=\/wp\/v2\/pages\/59\/revisions\/300"}],"wp:attachment":[{"href":"https:\/\/zimmersmuehlenlauf.de\/index.php?rest_route=%2Fwp%2Fv2%2Fmedia&parent=59"}],"curies":[{"name":"wp","href":"https:\/\/api.w.org\/{rel}","templated":true}]}}